{"id":7,"date":"2023-11-21T09:44:09","date_gmt":"2023-11-21T08:44:09","guid":{"rendered":"http:\/\/avis-plaque-nfc.com\/?page_id=7"},"modified":"2023-11-21T09:44:09","modified_gmt":"2023-11-21T08:44:09","slug":"about","status":"publish","type":"page","link":"https:\/\/avis-plaque-nfc.com\/?page_id=7","title":{"rendered":"About"},"content":{"rendered":"\n<section class=\"hts-section hts-page hts-about\">\n    <div class=\"hts-about-header\">\n        <div class=\"hts-about-header-content\">\n            <div class=\"hts-about-body\">\n                <div>\n                    <h1>\u00c0 propos de nous<\/h1>\n                    <p>D\u00e9couvrez notre histoire<\/p>\n                <\/div>\n            <\/div>\n            <div class=\"hts-about-image\">\n                <div class=\"hts-image-wrapper\">\n                    <img decoding=\"async\" src=\"https:\/\/images.unsplash.com\/photo-1679767879011-344230f55867?crop=entropy\" title=\"Photo by David Birozy\" alt=\"a plaque on the side of a wooden wall\">                    <span class=\"hts-unsplash-data\">Photo by <a href=\"https:\/\/unsplash.com\/@ltdbjd?utm_source=hostinger&#038;utm_medium=referral\" rel=\"nofollow\">David Birozy<\/a> on <a href=\"https:\/\/unsplash.com\/?utm_source=hostinger&#038;utm_medium=referral\" rel=\"nofollow\">Unsplash<\/a><\/span>                <\/div>\n            <\/div>\n        <\/div>\n    <\/div>\n    <hr class=\"full\">\n    <div class=\"hts-details\">\n                <div class=\"hts-about-story\">\n            <h2 class=\"hts-title\">MY STORY<\/h2>\n            <div class=\"hts-description\">\n                Nous sommes sp\u00e9cialis\u00e9s dans les plaques NFC et nous vous fournissons toutes les informations dont vous avez besoin sur les avis Google, TripAdvisor et Facebook. Notre \u00e9quipe exp\u00e9riment\u00e9e est l\u00e0 pour vous aider \u00e0 tirer le meilleur parti de ces technologies et \u00e0 am\u00e9liorer votre pr\u00e9sence en ligne. Faites confiance \u00e0 Avis Plaque NFC pour vous guider dans le monde num\u00e9rique en \u00e9volution constante.            <\/div>\n        <\/div>\n        \n        <div class=\"hts-gallery\">\n            <div class=\"hts-image-wrapper hts-bottom\">\n                <img decoding=\"async\" src=\"https:\/\/images.unsplash.com\/photo-1633919497503-f0f70376ad7d?crop=entropy\" title=\"Photo by Duskfall Crew\" alt=\"a plaque on the side of a building\"><span class=\"hts-unsplash-data\">Photo by <a href=\"https:\/\/unsplash.com\/@duskfallcrew?utm_source=hostinger&#038;utm_medium=referral\" rel=\"nofollow\">Duskfall Crew<\/a> on <a href=\"https:\/\/unsplash.com\/?utm_source=hostinger&#038;utm_medium=referral\" rel=\"nofollow\">Unsplash<\/a><\/span>            <\/div>\n            <div class=\"hts-image-wrapper hts-bottom\">\n                <img decoding=\"async\" src=\"https:\/\/images.unsplash.com\/photo-1532978870264-ef2ef1f49127?crop=entropy\" title=\"Photo by Markus Spiske\" alt=\"brown and white wooden shed on field of grass\"><span class=\"hts-unsplash-data\">Photo by <a href=\"https:\/\/unsplash.com\/@markusspiske?utm_source=hostinger&#038;utm_medium=referral\" rel=\"nofollow\">Markus Spiske<\/a> on <a href=\"https:\/\/unsplash.com\/?utm_source=hostinger&#038;utm_medium=referral\" rel=\"nofollow\">Unsplash<\/a><\/span>            <\/div>\n        <\/div>\n    <\/div>\n<\/section><section class=\"hts-section hts-newsletter\">\n\t<hr class=\"full\">\n\t<div class=\"wrapper\">\n\t<div>\n\t\t<h3 class=\"hts-title\">Newsletter<\/h3>\n\t\t<p>Subscribe to stay up-to-date with my latest creative projects, insights, and tips.<\/p>\n\t<\/div>\n\t<div class=\"hts-newsletter-block\">\n\t\t<form>\n\t\t\t<input type=\"hidden\" id=\"newsletter_nonce\" name=\"newsletter_nonce\" value=\"b8ab24b444\" \/><input type=\"hidden\" name=\"_wp_http_referer\" value=\"\/index.php?rest_route=%2Fwp%2Fv2%2Fpages%2F7\" \/>\t\t\t<label for=\"hts-newsletter-email\">Email<\/label>\n\t\t\t<input type=\"email\"\n\t\t\t       id=\"hts-newsletter-email\"\n\t\t\t       name=\"newsletter_email\"\n\t\t\t       placeholder=\"What\u2019s your email?\">\n\t\t\t<div class=\"validate-message\"><\/div>\n\t\t\t<div class=\"hts-privacy-agree\">\n\t\t\t\t<label class=\"hts-form-control\">\n\t\t\t\t<input type=\"checkbox\" id=\"privacy-policy-checkbox\" name=\"privacy_policy\" required>\n\t\t\t\t<\/label>\n\t\t\t\t<span>\n\t\t\t\t\tI consent to use of my email address for the purpose of receiving newsletters as described in <a href=\"\" target=\"_blank\">Privacy Policy<\/a>, which I have read. I may withdraw my consent at any time.\t\t\t\t<\/span>\n\t\t\t<\/div>\n\t\t\t<input type=\"submit\" class=\"btn primary\" value=\"Subscribe\"\/>\n\t\t<\/form>\n\t<\/div>\n\t<\/div>\n<\/section>","protected":false},"excerpt":{"rendered":"","protected":false},"author":1,"featured_media":0,"parent":0,"menu_order":0,"comment_status":"closed","ping_status":"closed","template":"","meta":{"footnotes":""},"_links":{"self":[{"href":"https:\/\/avis-plaque-nfc.com\/index.php?rest_route=\/wp\/v2\/pages\/7"}],"collection":[{"href":"https:\/\/avis-plaque-nfc.com\/index.php?rest_route=\/wp\/v2\/pages"}],"about":[{"href":"https:\/\/avis-plaque-nfc.com\/index.php?rest_route=\/wp\/v2\/types\/page"}],"author":[{"embeddable":true,"href":"https:\/\/avis-plaque-nfc.com\/index.php?rest_route=\/wp\/v2\/users\/1"}],"replies":[{"embeddable":true,"href":"https:\/\/avis-plaque-nfc.com\/index.php?rest_route=%2Fwp%2Fv2%2Fcomments&post=7"}],"version-history":[{"count":0,"href":"https:\/\/avis-plaque-nfc.com\/index.php?rest_route=\/wp\/v2\/pages\/7\/revisions"}],"wp:attachment":[{"href":"https:\/\/avis-plaque-nfc.com\/index.php?rest_route=%2Fwp%2Fv2%2Fmedia&parent=7"}],"curies":[{"name":"wp","href":"https:\/\/api.w.org\/{rel}","templated":true}]}}